{"id":120,"date":"2023-01-06T12:05:25","date_gmt":"2023-01-06T11:05:25","guid":{"rendered":"https:\/\/boucherie.vamtam.com\/?page_id=120"},"modified":"2024-07-18T14:53:02","modified_gmt":"2024-07-18T13:53:02","slug":"oeffnungszeiten","status":"publish","type":"page","link":"https:\/\/www.testas-nom.de\/index.php\/oeffnungszeiten\/","title":{"rendered":"\u00d6ffungszeiten"},"content":{"rendered":"\t\t<div data-elementor-type=\"wp-page\" data-elementor-id=\"120\" class=\"elementor elementor-120\" data-elementor-post-type=\"page\">\n\t\t\t\t\t\t<section class=\"elementor-section elementor-top-section elementor-element elementor-element-ce176ff elementor-section-boxed elementor-section-height-default elementor-section-height-default\" data-id=\"ce176ff\" data-element_type=\"section\" data-e-type=\"section\" data-settings=\"{&quot;background_background&quot;:&quot;classic&quot;}\">\n\t\t\t\t\t\t<div class=\"elementor-container elementor-column-gap-no\">\n\t\t\t\t\t<div class=\"elementor-column elementor-col-100 elementor-top-column elementor-element elementor-element-b6260b8\" data-id=\"b6260b8\" data-element_type=\"column\" data-e-type=\"column\">\n\t\t\t<div class=\"elementor-widget-wrap elementor-element-populated\">\n\t\t\t\t\t\t<div class=\"elementor-element elementor-element-2b83010 elementor-view-default elementor-widget elementor-widget-icon\" data-id=\"2b83010\" data-element_type=\"widget\" data-e-type=\"widget\" data-settings=\"{&quot;motion_fx_motion_fx_scrolling&quot;:&quot;yes&quot;,&quot;motion_fx_translateX_effect&quot;:&quot;yes&quot;,&quot;motion_fx_translateX_direction&quot;:&quot;negative&quot;,&quot;motion_fx_translateX_speed&quot;:{&quot;unit&quot;:&quot;px&quot;,&quot;size&quot;:2,&quot;sizes&quot;:[]},&quot;motion_fx_translateX_affectedRange&quot;:{&quot;unit&quot;:&quot;%&quot;,&quot;size&quot;:&quot;&quot;,&quot;sizes&quot;:{&quot;start&quot;:50,&quot;end&quot;:100}},&quot;motion_fx_devices&quot;:[&quot;desktop&quot;]}\" data-widget_type=\"icon.default\">\n\t\t\t\t<div class=\"elementor-widget-container\">\n\t\t\t\t\t\t\t<div class=\"elementor-icon-wrapper\">\n\t\t\t<div class=\"elementor-icon\">\n\t\t\t<i aria-hidden=\"true\" class=\"vamtamtheme- vamtam-theme-knife-two\"><\/i>\t\t\t<\/div>\n\t\t<\/div>\n\t\t\t\t\t\t<\/div>\n\t\t\t\t<\/div>\n\t\t\t\t<div class=\"elementor-element elementor-element-1172ee3 elementor-widget elementor-widget-heading\" data-id=\"1172ee3\" data-element_type=\"widget\" data-e-type=\"widget\" data-widget_type=\"heading.default\">\n\t\t\t\t<div class=\"elementor-widget-container\">\n\t\t\t\t\t<p class=\"elementor-heading-title elementor-size-default\"><a href=\"https:\/\/www.google.com\/maps\/place\/La+Grande+Boucherie\/@40.7626274,-73.9830298,17z\/data=!3m1!4b1!4m5!3m4!1s0x89c259ca33adc3e7:0x2b571ca84f83de6d!8m2!3d40.7626274!4d-73.9808411?coh=164777&#038;entry=tt&#038;shorturl=1\" target=\"_blank\">Albert-Schweitzer-Weg 9<br>37154 Northeim<br><\/a><\/p>\t\t\t\t<\/div>\n\t\t\t\t<\/div>\n\t\t\t\t<div class=\"vamtam-has-theme-widget-styles elementor-element elementor-element-68952c2 elementor-align-left elementor-mobile-align-left vamtam-has-underline-anim elementor-widget elementor-widget-button\" data-id=\"68952c2\" data-element_type=\"widget\" data-e-type=\"widget\" data-widget_type=\"button.default\">\n\t\t\t\t<div class=\"elementor-widget-container\">\n\t\t\t\t\t\t\t\t\t<div class=\"elementor-button-wrapper\">\n\t\t\t\t\t<a class=\"elementor-button elementor-button-link elementor-size-sm\" href=\"tel:05551%205894548\">\n\t\t\t\t\t\t<span class=\"elementor-button-content-wrapper\">\n\t\t\t\t\t\t\t\t\t<span class=\"elementor-button-text\">05551 5894548<\/span>\n\t\t\t\t\t<\/span>\n\t\t\t\t\t<\/a>\n\t\t\t\t<\/div>\n\t\t\t\t\t\t\t\t<\/div>\n\t\t\t\t<\/div>\n\t\t\t\t\t<\/div>\n\t\t<\/div>\n\t\t\t\t\t<\/div>\n\t\t<\/section>\n\t\t\t\t<section class=\"elementor-section elementor-top-section elementor-element elementor-element-1ee7642 elementor-section-boxed elementor-section-height-default elementor-section-height-default\" data-id=\"1ee7642\" data-element_type=\"section\" data-e-type=\"section\">\n\t\t\t\t\t\t<div class=\"elementor-container elementor-column-gap-no\">\n\t\t\t\t\t<div class=\"elementor-column elementor-col-50 elementor-top-column elementor-element elementor-element-7d9d1d8\" data-id=\"7d9d1d8\" data-element_type=\"column\" data-e-type=\"column\">\n\t\t\t<div class=\"elementor-widget-wrap elementor-element-populated\">\n\t\t\t\t\t\t<div class=\"elementor-element elementor-element-1477600 elementor-widget elementor-widget-text-editor\" data-id=\"1477600\" data-element_type=\"widget\" data-e-type=\"widget\" data-widget_type=\"text-editor.default\">\n\t\t\t\t<div class=\"elementor-widget-container\">\n\t\t\t\t\t\t\t\t\t<p><strong>Montag:\u00a0 \u00a0 Ruhetag<\/strong> <br \/><strong>Dienstag: <\/strong>\u00a0<span style=\"font-family: Montserrat, sans-serif; font-size: 14px; font-style: normal; font-variant-ligatures: normal; font-variant-caps: normal; font-weight: 400;\">10:00\u201314:30 &amp; 17:00\u201322:00<\/span><br \/><strong>Mittwoch:\u00a0 <\/strong><span style=\"font-family: Montserrat, sans-serif; font-size: 14px; font-style: normal; font-variant-ligatures: normal; font-variant-caps: normal; font-weight: 400;\">10:00\u201314:30 &amp; 17:00\u201322:00\u00a0<\/span><br \/><strong><span style=\"background-color: var( --e-global-color-vamtam_accent_3 ); color: var( --e-global-color-vamtam_accent_4 ); letter-spacing: var(--vamtam-primary-font-letter-spacing-desktop,normal); text-transform: var( --e-global-typography-vamtam_primary_font-text-transform );\">Donnerstag:\u00a0 <\/span><\/strong><span style=\"font-family: Montserrat, sans-serif; font-size: 14px; font-style: normal; font-variant-ligatures: normal; font-variant-caps: normal; font-weight: 400;\">10:00\u201314:30 &amp; 17:00\u201322:00<\/span><span style=\"background-color: var( --e-global-color-vamtam_accent_3 ); color: var( --e-global-color-vamtam_accent_4 ); letter-spacing: var(--vamtam-primary-font-letter-spacing-desktop,normal); text-transform: var( --e-global-typography-vamtam_primary_font-text-transform );\"><br \/><\/span><span style=\"background-color: var( --e-global-color-vamtam_accent_3 ); color: var( --e-global-color-vamtam_accent_4 ); letter-spacing: var(--vamtam-primary-font-letter-spacing-desktop,normal); text-transform: var( --e-global-typography-vamtam_primary_font-text-transform );\"><strong>Freitag:<\/strong>\u00a0 10:00\u201314:30 &amp; 17:00\u201322:00<br \/><\/span><span style=\"background-color: var( --e-global-color-vamtam_accent_3 ); color: var( --e-global-color-vamtam_accent_4 ); letter-spacing: var(--vamtam-primary-font-letter-spacing-desktop,normal); text-transform: var( --e-global-typography-vamtam_primary_font-text-transform );\"><strong>Samstags:<\/strong>\u00a0 12:00\u201315:00 &amp; 17:00\u201322:00<br \/><\/span><span style=\"background-color: var( --e-global-color-vamtam_accent_3 ); color: var( --e-global-color-vamtam_accent_4 ); letter-spacing: var(--vamtam-primary-font-letter-spacing-desktop,normal); text-transform: var( --e-global-typography-vamtam_primary_font-text-transform );\"><strong>Sonntags:<\/strong> 12:00\u201315:00 &amp; 17:00\u201321:00<\/span><\/p>\t\t\t\t\t\t\t\t<\/div>\n\t\t\t\t<\/div>\n\t\t\t\t\t<\/div>\n\t\t<\/div>\n\t\t\t\t<div class=\"elementor-column elementor-col-50 elementor-top-column elementor-element elementor-element-89cd084\" data-id=\"89cd084\" data-element_type=\"column\" data-e-type=\"column\">\n\t\t\t<div class=\"elementor-widget-wrap\">\n\t\t\t\t\t\t\t<\/div>\n\t\t<\/div>\n\t\t\t\t\t<\/div>\n\t\t<\/section>\n\t\t\t\t<section class=\"elementor-section elementor-top-section elementor-element elementor-element-ce1eee9 elementor-reverse-mobile elementor-section-boxed elementor-section-height-default elementor-section-height-default\" data-id=\"ce1eee9\" data-element_type=\"section\" data-e-type=\"section\" data-settings=\"{&quot;background_background&quot;:&quot;classic&quot;}\">\n\t\t\t\t\t\t<div class=\"elementor-container elementor-column-gap-no\">\n\t\t\t\t\t<div class=\"elementor-column elementor-col-50 elementor-top-column elementor-element elementor-element-c1c9269\" data-id=\"c1c9269\" data-element_type=\"column\" data-e-type=\"column\">\n\t\t\t<div class=\"elementor-widget-wrap elementor-element-populated\">\n\t\t\t\t\t\t<div class=\"elementor-element elementor-element-1ee6764 elementor-invisible elementor-widget elementor-widget-text-editor\" data-id=\"1ee6764\" data-element_type=\"widget\" data-e-type=\"widget\" data-settings=\"{&quot;_animation&quot;:&quot;fadeIn&quot;,&quot;_animation_delay&quot;:400}\" data-widget_type=\"text-editor.default\">\n\t\t\t\t<div class=\"elementor-widget-container\">\n\t\t\t\t\t\t\t\t\t<p>Italien, das ist guten Essen, besondere Musik und Lebensfreude. Dieses Gef\u00fchl m\u00f6chten wir unseren G\u00e4sten vermitteln und freuen uns \u00fcber viele treue Stammg\u00e4ste und jeden netten Gast, der den Weg zu uns findet&#8230;.<\/p>\t\t\t\t\t\t\t\t<\/div>\n\t\t\t\t<\/div>\n\t\t\t\t<div class=\"vamtam-has-theme-widget-styles elementor-element elementor-element-964da74 elementor-widget__width-initial vamtam-has-underline-anim elementor-widget elementor-widget-button\" data-id=\"964da74\" data-element_type=\"widget\" data-e-type=\"widget\" data-widget_type=\"button.default\">\n\t\t\t\t<div class=\"elementor-widget-container\">\n\t\t\t\t\t\t\t\t\t<div class=\"elementor-button-wrapper\">\n\t\t\t\t\t<a class=\"elementor-button elementor-button-link elementor-size-sm\" href=\"#elementor-action%3Aaction%3Dpopup%3Aopen%26settings%3DeyJpZCI6IjEwNTQiLCJ0b2dnbGUiOmZhbHNlLCJhbGlnbl93aXRoX3BhcmVudCI6IiJ9\">\n\t\t\t\t\t\t<span class=\"elementor-button-content-wrapper\">\n\t\t\t\t\t\t\t\t\t<span class=\"elementor-button-text\">Reservieren<\/span>\n\t\t\t\t\t<\/span>\n\t\t\t\t\t<\/a>\n\t\t\t\t<\/div>\n\t\t\t\t\t\t\t\t<\/div>\n\t\t\t\t<\/div>\n\t\t\t\t\t<\/div>\n\t\t<\/div>\n\t\t\t\t<div class=\"elementor-column elementor-col-50 elementor-top-column elementor-element elementor-element-97bb610\" data-id=\"97bb610\" data-element_type=\"column\" data-e-type=\"column\">\n\t\t\t<div class=\"elementor-widget-wrap elementor-element-populated\">\n\t\t\t\t\t\t<div class=\"elementor-element elementor-element-86ba46a elementor-widget__width-auto elementor-widget elementor-widget-image\" data-id=\"86ba46a\" data-element_type=\"widget\" data-e-type=\"widget\" data-settings=\"{&quot;motion_fx_motion_fx_scrolling&quot;:&quot;yes&quot;,&quot;motion_fx_translateY_effect&quot;:&quot;yes&quot;,&quot;motion_fx_translateY_speed&quot;:{&quot;unit&quot;:&quot;px&quot;,&quot;size&quot;:1,&quot;sizes&quot;:[]},&quot;motion_fx_devices&quot;:[&quot;desktop&quot;],&quot;motion_fx_translateY_affectedRange&quot;:{&quot;unit&quot;:&quot;%&quot;,&quot;size&quot;:&quot;&quot;,&quot;sizes&quot;:{&quot;start&quot;:0,&quot;end&quot;:100}}}\" data-widget_type=\"image.default\">\n\t\t\t\t<div class=\"elementor-widget-container\">\n\t\t\t\t\t\t\t\t\t\t\t\t\t\t\t<img fetchpriority=\"high\" decoding=\"async\" width=\"1024\" height=\"768\" src=\"https:\/\/www.testas-nom.de\/wp-content\/uploads\/2023\/01\/WhatsApp-Bild-2023-05-25-um-16.17.29-1024x768.jpg\" class=\"attachment-large size-large wp-image-987709\" alt=\"\" srcset=\"https:\/\/www.testas-nom.de\/wp-content\/uploads\/2023\/01\/WhatsApp-Bild-2023-05-25-um-16.17.29-1024x768.jpg 1024w, https:\/\/www.testas-nom.de\/wp-content\/uploads\/2023\/01\/WhatsApp-Bild-2023-05-25-um-16.17.29-300x225.jpg 300w, https:\/\/www.testas-nom.de\/wp-content\/uploads\/2023\/01\/WhatsApp-Bild-2023-05-25-um-16.17.29-768x576.jpg 768w, https:\/\/www.testas-nom.de\/wp-content\/uploads\/2023\/01\/WhatsApp-Bild-2023-05-25-um-16.17.29.jpg 1080w\" sizes=\"(max-width: 1024px) 100vw, 1024px\" \/>\t\t\t\t\t\t\t\t\t\t\t\t\t\t\t<\/div>\n\t\t\t\t<\/div>\n\t\t\t\t<div class=\"elementor-element elementor-element-e4dc656 elementor-widget__width-auto elementor-widget elementor-widget-image\" data-id=\"e4dc656\" data-element_type=\"widget\" data-e-type=\"widget\" data-settings=\"{&quot;motion_fx_motion_fx_scrolling&quot;:&quot;yes&quot;,&quot;motion_fx_translateY_effect&quot;:&quot;yes&quot;,&quot;motion_fx_translateY_direction&quot;:&quot;negative&quot;,&quot;motion_fx_translateY_speed&quot;:{&quot;unit&quot;:&quot;px&quot;,&quot;size&quot;:1,&quot;sizes&quot;:[]},&quot;motion_fx_translateY_affectedRange&quot;:{&quot;unit&quot;:&quot;%&quot;,&quot;size&quot;:&quot;&quot;,&quot;sizes&quot;:{&quot;start&quot;:0,&quot;end&quot;:54}},&quot;motion_fx_devices&quot;:[&quot;desktop&quot;]}\" data-widget_type=\"image.default\">\n\t\t\t\t<div class=\"elementor-widget-container\">\n\t\t\t\t\t\t\t\t\t\t\t\t\t\t\t<img decoding=\"async\" width=\"626\" height=\"1024\" src=\"https:\/\/www.testas-nom.de\/wp-content\/uploads\/2023\/10\/369191161_872428174311159_8433503637228932615_n-1-e1697557807234-626x1024.jpg\" class=\"attachment-large size-large wp-image-987809\" alt=\"\" srcset=\"https:\/\/www.testas-nom.de\/wp-content\/uploads\/2023\/10\/369191161_872428174311159_8433503637228932615_n-1-e1697557807234-626x1024.jpg 626w, https:\/\/www.testas-nom.de\/wp-content\/uploads\/2023\/10\/369191161_872428174311159_8433503637228932615_n-1-e1697557807234-183x300.jpg 183w, https:\/\/www.testas-nom.de\/wp-content\/uploads\/2023\/10\/369191161_872428174311159_8433503637228932615_n-1-e1697557807234.jpg 652w\" sizes=\"(max-width: 626px) 100vw, 626px\" \/>\t\t\t\t\t\t\t\t\t\t\t\t\t\t\t<\/div>\n\t\t\t\t<\/div>\n\t\t\t\t\t<\/div>\n\t\t<\/div>\n\t\t\t\t\t<\/div>\n\t\t<\/section>\n\t\t\t\t<section class=\"elementor-section elementor-top-section elementor-element elementor-element-4319668 elementor-section-full_width elementor-section-height-default elementor-section-height-default\" data-id=\"4319668\" data-element_type=\"section\" data-e-type=\"section\">\n\t\t\t\t\t\t<div class=\"elementor-container elementor-column-gap-no\">\n\t\t\t\t\t<div class=\"elementor-column elementor-col-100 elementor-top-column elementor-element elementor-element-f2d787f\" data-id=\"f2d787f\" data-element_type=\"column\" data-e-type=\"column\">\n\t\t\t<div class=\"elementor-widget-wrap elementor-element-populated\">\n\t\t\t\t\t\t<div class=\"elementor-element elementor-element-a71a042 elementor-widget elementor-widget-google_maps\" data-id=\"a71a042\" data-element_type=\"widget\" data-e-type=\"widget\" data-widget_type=\"google_maps.default\">\n\t\t\t\t<div class=\"elementor-widget-container\">\n\t\t\t\t\t\t\t<div class=\"elementor-custom-embed\">\n\t\t\t<iframe loading=\"lazy\"\n\t\t\t\t\tsrc=\"https:\/\/maps.google.com\/maps?q=Albert-Schweitzer-Weg%209%2C%2037154%20Northeim%2C%20Germany&#038;t=m&#038;z=14&#038;output=embed&#038;iwloc=near\"\n\t\t\t\t\ttitle=\"Albert-Schweitzer-Weg 9, 37154 Northeim, Germany\"\n\t\t\t\t\taria-label=\"Albert-Schweitzer-Weg 9, 37154 Northeim, Germany\"\n\t\t\t><\/iframe>\n\t\t<\/div>\n\t\t\t\t\t\t<\/div>\n\t\t\t\t<\/div>\n\t\t\t\t\t<\/div>\n\t\t<\/div>\n\t\t\t\t\t<\/div>\n\t\t<\/section>\n\t\t\t\t<section class=\"elementor-section elementor-top-section elementor-element elementor-element-66ff4fb elementor-section-boxed elementor-section-height-default elementor-section-height-default\" data-id=\"66ff4fb\" data-element_type=\"section\" data-e-type=\"section\">\n\t\t\t\t\t\t<div class=\"elementor-container elementor-column-gap-no\">\n\t\t\t\t\t<div class=\"elementor-column elementor-col-100 elementor-top-column elementor-element elementor-element-a7e9b69\" data-id=\"a7e9b69\" data-element_type=\"column\" data-e-type=\"column\">\n\t\t\t<div class=\"elementor-widget-wrap elementor-element-populated\">\n\t\t\t\t\t\t<div class=\"elementor-element elementor-element-940c74a elementor-widget__width-initial elementor-view-default elementor-widget elementor-widget-icon\" data-id=\"940c74a\" data-element_type=\"widget\" data-e-type=\"widget\" data-widget_type=\"icon.default\">\n\t\t\t\t<div class=\"elementor-widget-container\">\n\t\t\t\t\t\t\t<div class=\"elementor-icon-wrapper\">\n\t\t\t<div class=\"elementor-icon\">\n\t\t\t<i aria-hidden=\"true\" class=\"vamtamtheme- vamtam-theme-star\"><\/i>\t\t\t<\/div>\n\t\t<\/div>\n\t\t\t\t\t\t<\/div>\n\t\t\t\t<\/div>\n\t\t\t\t<div class=\"elementor-element elementor-element-871feb4 elementor-widget__width-initial elementor-widget elementor-widget-text-editor\" data-id=\"871feb4\" data-element_type=\"widget\" data-e-type=\"widget\" data-widget_type=\"text-editor.default\">\n\t\t\t\t<div class=\"elementor-widget-container\">\n\t\t\t\t\t\t\t\t\t<p>Sie finden uns in Northeim im \u00c4rztehaus, beim Helios &#8211; Direkt an der Abfahrt Northeim Nord. Wir haben einen gro\u00dfen Parkplatz vor der T\u00fcr und freuen uns darauf, Sie und Ihre G\u00e4ste mit unseren Speisen zu verzaubern.<\/p>\t\t\t\t\t\t\t\t<\/div>\n\t\t\t\t<\/div>\n\t\t\t\t<div class=\"vamtam-has-theme-widget-styles elementor-element elementor-element-20618f5 vamtam-has-underline-anim elementor-widget elementor-widget-button\" data-id=\"20618f5\" data-element_type=\"widget\" data-e-type=\"widget\" data-widget_type=\"button.default\">\n\t\t\t\t<div class=\"elementor-widget-container\">\n\t\t\t\t\t\t\t\t\t<div class=\"elementor-button-wrapper\">\n\t\t\t\t\t<a class=\"elementor-button elementor-button-link elementor-size-sm\" href=\"https:\/\/www.google.com\/maps\/dir\/\/Albert-Schweitzer-Weg+9+37154+Northeim\/@51.7289565,9.97756,12z\/data=!4m8!4m7!1m0!1m5!1m1!1s0x47bad2d494c24897:0xd87d10cd250f8a56!2m2!1d9.97756!2d51.7289565?entry=ttu\" target=\"_blank\">\n\t\t\t\t\t\t<span class=\"elementor-button-content-wrapper\">\n\t\t\t\t\t\t<span class=\"elementor-button-icon\">\n\t\t\t\t<i aria-hidden=\"true\" class=\"vamtamtheme- vamtam-theme-arrow-cta\"><\/i>\t\t\t<\/span>\n\t\t\t\t\t\t\t\t\t<span class=\"elementor-button-text\">Get direction<\/span>\n\t\t\t\t\t<\/span>\n\t\t\t\t\t<\/a>\n\t\t\t\t<\/div>\n\t\t\t\t\t\t\t\t<\/div>\n\t\t\t\t<\/div>\n\t\t\t\t\t<\/div>\n\t\t<\/div>\n\t\t\t\t\t<\/div>\n\t\t<\/section>\n\t\t\t\t<\/div>\n\t\t","protected":false},"excerpt":{"rendered":"<p>Albert-Schweitzer-Weg 937154 Northeim 05551 5894548 Montag:\u00a0 \u00a0 Ruhetag Dienstag: \u00a010:00\u201314:30 &amp; 17:00\u201322:00Mittwoch:\u00a0 10:00\u201314:30 &amp; 17:00\u201322:00\u00a0Donnerstag:\u00a0 10:00\u201314:30 &amp; 17:00\u201322:00Freitag:\u00a0 10:00\u201314:30 &amp; 17:00\u201322:00Samstags:\u00a0 12:00\u201315:00 &amp; 17:00\u201322:00Sonntags: 12:00\u201315:00 &amp; 17:00\u201321:00 Italien, das ist guten Essen, besondere Musik und Lebensfreude. Dieses Gef\u00fchl m\u00f6chten wir unseren G\u00e4sten vermitteln und freuen uns \u00fcber viele treue Stammg\u00e4ste und jeden netten Gast, der&#8230;<\/p>\n","protected":false},"author":1,"featured_media":987802,"parent":0,"menu_order":0,"comment_status":"closed","ping_status":"closed","template":"","meta":{"footnotes":""},"class_list":["post-120","page","type-page","status-publish","has-post-thumbnail","hentry"],"_links":{"self":[{"href":"https:\/\/www.testas-nom.de\/index.php\/wp-json\/wp\/v2\/pages\/120","targetHints":{"allow":["GET"]}}],"collection":[{"href":"https:\/\/www.testas-nom.de\/index.php\/wp-json\/wp\/v2\/pages"}],"about":[{"href":"https:\/\/www.testas-nom.de\/index.php\/wp-json\/wp\/v2\/types\/page"}],"author":[{"embeddable":true,"href":"https:\/\/www.testas-nom.de\/index.php\/wp-json\/wp\/v2\/users\/1"}],"replies":[{"embeddable":true,"href":"https:\/\/www.testas-nom.de\/index.php\/wp-json\/wp\/v2\/comments?post=120"}],"version-history":[{"count":23,"href":"https:\/\/www.testas-nom.de\/index.php\/wp-json\/wp\/v2\/pages\/120\/revisions"}],"predecessor-version":[{"id":988874,"href":"https:\/\/www.testas-nom.de\/index.php\/wp-json\/wp\/v2\/pages\/120\/revisions\/988874"}],"wp:featuredmedia":[{"embeddable":true,"href":"https:\/\/www.testas-nom.de\/index.php\/wp-json\/wp\/v2\/media\/987802"}],"wp:attachment":[{"href":"https:\/\/www.testas-nom.de\/index.php\/wp-json\/wp\/v2\/media?parent=120"}],"curies":[{"name":"wp","href":"https:\/\/api.w.org\/{rel}","templated":true}]}}